{"id":131,"date":"2023-10-17T15:36:22","date_gmt":"2023-10-17T13:36:22","guid":{"rendered":"https:\/\/chooseenglish.fr\/?page_id=131"},"modified":"2024-04-18T09:58:04","modified_gmt":"2024-04-18T07:58:04","slug":"quest-ce-quune-bulle-de-vocabulaire","status":"publish","type":"page","link":"https:\/\/chooseenglish.fr\/index.php\/quest-ce-quune-bulle-de-vocabulaire\/","title":{"rendered":"Qu&rsquo;est-ce qu&rsquo;une Bulle de vocabulaire\u00ae?"},"content":{"rendered":"\n<p><strong>En tant qu\u2019adulte ou entreprise, les besoins en anglais ne sont pas les m\u00eames qu\u2019\u00e0 l\u2019\u00e9cole.<\/strong>&nbsp; Si l\u2019\u00e9cole permet une d\u00e9couverte plut\u00f4t g\u00e9n\u00e9rale de la langue anglaise qui touche \u00e0 une grande vari\u00e9t\u00e9 de sujets&nbsp;\u2013&nbsp;<em>que de nombreux parents, lors des r\u00e9unions parents-profs, ne manquent pas de remettre en question, parfois \u00e0 juste titre&nbsp;(\u00e0 quoi \u00e7a sert&nbsp;? Mon enfant ne parle pas anglais&nbsp;; pourquoi lui faire \u00e9crire un conte en anglais&nbsp;? \u00c9crire une lettre de motivation serait plus utile\u2026)<\/em> \u2013&nbsp;l\u2019adulte ou le professionnel aura dans la majorit\u00e9 des cas besoin de travailler des aspects plus pr\u00e9cis de la langue, et c\u2019est ce sur quoi Choose English se focalisera en cr\u00e9ant votre <strong>Bulle de vocabulaire\u00ae<\/strong>.<\/p>\n\n\n\n<h3 class=\"wp-block-heading\">Quelques exemples&nbsp;:<\/h3>\n\n\n\n<p>\u2708\ufe0f Vous travaillez dans le domaine de la logistique et vous souhaitez utiliser l\u2019anglais dans votre cadre professionnel : votre Bulle de vocabulaire\u00ae sera principalement ax\u00e9e sur ce domaine.<\/p>\n\n\n\n<p>\ud83d\udd8a\ufe0f Vos besoins se situent davantage \u00e0 l\u2019\u00e9crit qu\u2019\u00e0 l\u2019oral (correspondance \u00e9crite, lecture de documents r\u00e9dig\u00e9s en anglais, besoin de comprendre les nouvelles r\u00e9glementations europ\u00e9ennes dont les traductions laissent parfois \u00e0 d\u00e9sirer\u2026) : nous nous focaliserons sur la communication \u00e9crite et la compr\u00e9hension (r\u00e9daction, entra\u00eenement \u00e0 la compr\u00e9hension, rep\u00e9rage des mots clefs\u2026).<\/p>\n\n\n\n<p>\ud83d\udde3\ufe0f Vous souhaitez vous entra\u00eener \u00e0 la conversation car votre pratique professionnelle implique de travailler de concert avec des \u00e9quipes britanniques : votre Bulle de vocabulaire\u00ae sera professionnelle (en coh\u00e9rence avec votre domaine) et inclura le \u00ab\u00a0small talk\u00a0\u00bb pour combler tous les petits moments de flottement, qu\u2019il s\u2019agisse de prendre des nouvelles d\u2019un homologue ou de faire la conversation en voiture pour se rendre sur un chantier.<\/p>\n\n\n\n<p>\ud83d\udccd Chaque exercice (si vous avez du temps \u00e0 consacrer au travail personnel) sera cr\u00e9\u00e9 en fonction de votre Bulle de vocabulaire\u00ae pour que m\u00eame un entra\u00eenement de grammaire ou de syntaxe soit utile \u00e0 votre compr\u00e9hension et \u00e0 votre expression.<\/p>\n\n\n\n<p>\u2728 <strong>D\u00e9finir une Bulle de vocabulaire\u00ae permet donc de progresser rapidement et efficacement selon vos besoins personnels et professionnels, et ce dans toutes les comp\u00e9tences.<\/strong> \u2728<\/p>\n\n\n\n<p>En attendant notre premi\u00e8re prise de contact, vous pouvez d\u00e9j\u00e0 commencer \u00e0 d\u00e9finir vos besoins \u00e0 l\u2019aide de l\u2019outil ci-dessous&nbsp;:<\/p>\n\n\n\n<div class=\"wp-block-buttons is-layout-flex wp-block-buttons-is-layout-flex\">\n<div class=\"wp-block-button has-custom-width wp-block-button__width-100\"><a class=\"wp-block-button__link wp-element-button\" href=\"https:\/\/chooseenglish.fr\/wp-content\/uploads\/2023\/10\/Outil-dauto-evaluation-des-besoins-professionnels-by-ChooseEnglish.pdf\">Outil d&rsquo;auto-\u00e9valuation des besoins professionnels en anglais<\/a><\/div>\n<\/div>\n\n\n\n<div class=\"wp-block-buttons is-layout-flex wp-block-buttons-is-layout-flex\">\n<div class=\"wp-block-button has-custom-width wp-block-button__width-100\"><a class=\"wp-block-button__link wp-element-button\" href=\"https:\/\/chooseenglish.fr\/wp-content\/uploads\/2023\/10\/Outil-dauto-evaluation-enrichissement-personnel-by-ChooseEnglish.pdf\" target=\"_blank\" rel=\"noopener\">Outil d&rsquo;auto-\u00e9valuation &#8211; enrichissement personnel en anglais<\/a><\/div>\n<\/div>\n\n\n\n<p>Pour vous aider \u00e0 vous auto-\u00e9valuer, n&rsquo;h\u00e9sitez pas \u00e0 consulter l&rsquo;article suivant sur le CECRL, cadre europ\u00e9en commun de r\u00e9f\u00e9rence pour les langues : <\/p>\n\n\n\n<figure class=\"wp-block-embed is-type-wp-embed is-provider-choose-english-cours-d-039-anglais-avec-caroline-eddy wp-block-embed-choose-english-cours-d-039-anglais-avec-caroline-eddy\"><div class=\"wp-block-embed__wrapper\">\n<blockquote class=\"wp-embedded-content\" data-secret=\"MSa7fQGvo6\"><a href=\"https:\/\/chooseenglish.fr\/index.php\/2023\/10\/13\/tout-savoir-sur-le-cecrl\/\">Tout savoir sur le CECRL<\/a><\/blockquote><iframe loading=\"lazy\" class=\"wp-embedded-content\" sandbox=\"allow-scripts\" security=\"restricted\" style=\"position: absolute; clip: rect(1px, 1px, 1px, 1px);\" title=\"\u00ab\u00a0Tout savoir sur le CECRL\u00a0\u00bb &#8212; Choose English, Cours d&#039;anglais avec Caroline Eddy\" src=\"https:\/\/chooseenglish.fr\/index.php\/2023\/10\/13\/tout-savoir-sur-le-cecrl\/embed\/#?secret=nIkRl4VlVS#?secret=MSa7fQGvo6\" data-secret=\"MSa7fQGvo6\" width=\"500\" height=\"282\" frameborder=\"0\" marginwidth=\"0\" marginheight=\"0\" scrolling=\"no\"><\/iframe>\n<\/div><\/figure>\n\n\n\n<p>Consultez ici mes autres articles : <a href=\"https:\/\/chooseenglish.fr\/index.php\/articles\/\">https:\/\/chooseenglish.fr\/index.php\/articles\/<\/a><\/p>\n","protected":false},"excerpt":{"rendered":"<p>En tant qu\u2019adulte ou entreprise, les besoins en anglais ne sont pas les m\u00eames qu\u2019\u00e0 l\u2019\u00e9cole.&nbsp; Si l\u2019\u00e9cole permet une d\u00e9couverte plut\u00f4t g\u00e9n\u00e9rale de la langue anglaise qui touche \u00e0 une grande vari\u00e9t\u00e9 de sujets&nbsp;\u2013&nbsp;que de nombreux parents, lors des r\u00e9unions parents-profs, ne manquent pas de remettre en question, parfois \u00e0 juste titre&nbsp;(\u00e0 quoi \u00e7a [&hellip;]<\/p>\n","protected":false},"author":1,"featured_media":0,"parent":0,"menu_order":0,"comment_status":"closed","ping_status":"closed","template":"","meta":{"_themeisle_gutenberg_block_has_review":false,"footnotes":""},"class_list":["post-131","page","type-page","status-publish","hentry"],"yoast_head":"<!-- This site is optimized with the Yoast SEO plugin v22.8 - https:\/\/yoast.com\/wordpress\/plugins\/seo\/ -->\n<title>Qu&#039;est-ce qu&#039;une Bulle de vocabulaire\u00ae? - Choose English, Cours d&#039;anglais \u00e0 Lille et par visio avec Caroline Eddy<\/title>\n<meta name=\"robots\" content=\"index, follow, max-snippet:-1, max-image-preview:large, max-video-preview:-1\" \/>\n<link rel=\"canonical\" href=\"https:\/\/chooseenglish.fr\/index.php\/quest-ce-quune-bulle-de-vocabulaire\/\" \/>\n<meta property=\"og:locale\" content=\"fr_FR\" \/>\n<meta property=\"og:type\" content=\"article\" \/>\n<meta property=\"og:title\" content=\"Qu&#039;est-ce qu&#039;une Bulle de vocabulaire\u00ae? - Choose English, Cours d&#039;anglais \u00e0 Lille et par visio avec Caroline Eddy\" \/>\n<meta property=\"og:description\" content=\"En tant qu\u2019adulte ou entreprise, les besoins en anglais ne sont pas les m\u00eames qu\u2019\u00e0 l\u2019\u00e9cole.&nbsp; Si l\u2019\u00e9cole permet une d\u00e9couverte plut\u00f4t g\u00e9n\u00e9rale de la langue anglaise qui touche \u00e0 une grande vari\u00e9t\u00e9 de sujets&nbsp;\u2013&nbsp;que de nombreux parents, lors des r\u00e9unions parents-profs, ne manquent pas de remettre en question, parfois \u00e0 juste titre&nbsp;(\u00e0 quoi \u00e7a [&hellip;]\" \/>\n<meta property=\"og:url\" content=\"https:\/\/chooseenglish.fr\/index.php\/quest-ce-quune-bulle-de-vocabulaire\/\" \/>\n<meta property=\"og:site_name\" content=\"Choose English, Cours d&#039;anglais \u00e0 Lille et par visio avec Caroline Eddy\" \/>\n<meta property=\"article:modified_time\" content=\"2024-04-18T07:58:04+00:00\" \/>\n<meta name=\"twitter:card\" content=\"summary_large_image\" \/>\n<meta name=\"twitter:label1\" content=\"Dur\u00e9e de lecture estim\u00e9e\" \/>\n\t<meta name=\"twitter:data1\" content=\"2 minutes\" \/>\n<script type=\"application\/ld+json\" class=\"yoast-schema-graph\">{\"@context\":\"https:\/\/schema.org\",\"@graph\":[{\"@type\":\"WebPage\",\"@id\":\"https:\/\/chooseenglish.fr\/index.php\/quest-ce-quune-bulle-de-vocabulaire\/\",\"url\":\"https:\/\/chooseenglish.fr\/index.php\/quest-ce-quune-bulle-de-vocabulaire\/\",\"name\":\"Qu'est-ce qu'une Bulle de vocabulaire\u00ae? - Choose English, Cours d&#039;anglais \u00e0 Lille et par visio avec Caroline Eddy\",\"isPartOf\":{\"@id\":\"https:\/\/chooseenglish.fr\/#website\"},\"datePublished\":\"2023-10-17T13:36:22+00:00\",\"dateModified\":\"2024-04-18T07:58:04+00:00\",\"breadcrumb\":{\"@id\":\"https:\/\/chooseenglish.fr\/index.php\/quest-ce-quune-bulle-de-vocabulaire\/#breadcrumb\"},\"inLanguage\":\"fr-FR\",\"potentialAction\":[{\"@type\":\"ReadAction\",\"target\":[\"https:\/\/chooseenglish.fr\/index.php\/quest-ce-quune-bulle-de-vocabulaire\/\"]}]},{\"@type\":\"BreadcrumbList\",\"@id\":\"https:\/\/chooseenglish.fr\/index.php\/quest-ce-quune-bulle-de-vocabulaire\/#breadcrumb\",\"itemListElement\":[{\"@type\":\"ListItem\",\"position\":1,\"name\":\"Accueil\",\"item\":\"https:\/\/chooseenglish.fr\/\"},{\"@type\":\"ListItem\",\"position\":2,\"name\":\"Qu&rsquo;est-ce qu&rsquo;une Bulle de vocabulaire\u00ae?\"}]},{\"@type\":\"WebSite\",\"@id\":\"https:\/\/chooseenglish.fr\/#website\",\"url\":\"https:\/\/chooseenglish.fr\/\",\"name\":\"Choose English, Cours d'anglais \u00e0 Lille et par visio avec Caroline Eddy\",\"description\":\"\",\"publisher\":{\"@id\":\"https:\/\/chooseenglish.fr\/#organization\"},\"potentialAction\":[{\"@type\":\"SearchAction\",\"target\":{\"@type\":\"EntryPoint\",\"urlTemplate\":\"https:\/\/chooseenglish.fr\/?s={search_term_string}\"},\"query-input\":\"required name=search_term_string\"}],\"inLanguage\":\"fr-FR\"},{\"@type\":\"Organization\",\"@id\":\"https:\/\/chooseenglish.fr\/#organization\",\"name\":\"Choose English, Cours d'anglais \u00e0 Lille et par visio avec Caroline Eddy\",\"url\":\"https:\/\/chooseenglish.fr\/\",\"logo\":{\"@type\":\"ImageObject\",\"inLanguage\":\"fr-FR\",\"@id\":\"https:\/\/chooseenglish.fr\/#\/schema\/logo\/image\/\",\"url\":\"https:\/\/chooseenglish.fr\/wp-content\/uploads\/2023\/09\/Plan-de-travail-1.png\",\"contentUrl\":\"https:\/\/chooseenglish.fr\/wp-content\/uploads\/2023\/09\/Plan-de-travail-1.png\",\"width\":720,\"height\":401,\"caption\":\"Choose English, Cours d'anglais \u00e0 Lille et par visio avec Caroline Eddy\"},\"image\":{\"@id\":\"https:\/\/chooseenglish.fr\/#\/schema\/logo\/image\/\"},\"sameAs\":[\"https:\/\/www.instagram.com\/chooseenglish_ei\/\",\"https:\/\/www.linkedin.com\/in\/caroline-eddy-chooseenglish\"]}]}<\/script>\n<!-- \/ Yoast SEO plugin. -->","yoast_head_json":{"title":"Qu'est-ce qu'une Bulle de vocabulaire\u00ae? - Choose English, Cours d&#039;anglais \u00e0 Lille et par visio avec Caroline Eddy","robots":{"index":"index","follow":"follow","max-snippet":"max-snippet:-1","max-image-preview":"max-image-preview:large","max-video-preview":"max-video-preview:-1"},"canonical":"https:\/\/chooseenglish.fr\/index.php\/quest-ce-quune-bulle-de-vocabulaire\/","og_locale":"fr_FR","og_type":"article","og_title":"Qu'est-ce qu'une Bulle de vocabulaire\u00ae? - Choose English, Cours d&#039;anglais \u00e0 Lille et par visio avec Caroline Eddy","og_description":"En tant qu\u2019adulte ou entreprise, les besoins en anglais ne sont pas les m\u00eames qu\u2019\u00e0 l\u2019\u00e9cole.&nbsp; Si l\u2019\u00e9cole permet une d\u00e9couverte plut\u00f4t g\u00e9n\u00e9rale de la langue anglaise qui touche \u00e0 une grande vari\u00e9t\u00e9 de sujets&nbsp;\u2013&nbsp;que de nombreux parents, lors des r\u00e9unions parents-profs, ne manquent pas de remettre en question, parfois \u00e0 juste titre&nbsp;(\u00e0 quoi \u00e7a [&hellip;]","og_url":"https:\/\/chooseenglish.fr\/index.php\/quest-ce-quune-bulle-de-vocabulaire\/","og_site_name":"Choose English, Cours d&#039;anglais \u00e0 Lille et par visio avec Caroline Eddy","article_modified_time":"2024-04-18T07:58:04+00:00","twitter_card":"summary_large_image","twitter_misc":{"Dur\u00e9e de lecture estim\u00e9e":"2 minutes"},"schema":{"@context":"https:\/\/schema.org","@graph":[{"@type":"WebPage","@id":"https:\/\/chooseenglish.fr\/index.php\/quest-ce-quune-bulle-de-vocabulaire\/","url":"https:\/\/chooseenglish.fr\/index.php\/quest-ce-quune-bulle-de-vocabulaire\/","name":"Qu'est-ce qu'une Bulle de vocabulaire\u00ae? - Choose English, Cours d&#039;anglais \u00e0 Lille et par visio avec Caroline Eddy","isPartOf":{"@id":"https:\/\/chooseenglish.fr\/#website"},"datePublished":"2023-10-17T13:36:22+00:00","dateModified":"2024-04-18T07:58:04+00:00","breadcrumb":{"@id":"https:\/\/chooseenglish.fr\/index.php\/quest-ce-quune-bulle-de-vocabulaire\/#breadcrumb"},"inLanguage":"fr-FR","potentialAction":[{"@type":"ReadAction","target":["https:\/\/chooseenglish.fr\/index.php\/quest-ce-quune-bulle-de-vocabulaire\/"]}]},{"@type":"BreadcrumbList","@id":"https:\/\/chooseenglish.fr\/index.php\/quest-ce-quune-bulle-de-vocabulaire\/#breadcrumb","itemListElement":[{"@type":"ListItem","position":1,"name":"Accueil","item":"https:\/\/chooseenglish.fr\/"},{"@type":"ListItem","position":2,"name":"Qu&rsquo;est-ce qu&rsquo;une Bulle de vocabulaire\u00ae?"}]},{"@type":"WebSite","@id":"https:\/\/chooseenglish.fr\/#website","url":"https:\/\/chooseenglish.fr\/","name":"Choose English, Cours d'anglais \u00e0 Lille et par visio avec Caroline Eddy","description":"","publisher":{"@id":"https:\/\/chooseenglish.fr\/#organization"},"potentialAction":[{"@type":"SearchAction","target":{"@type":"EntryPoint","urlTemplate":"https:\/\/chooseenglish.fr\/?s={search_term_string}"},"query-input":"required name=search_term_string"}],"inLanguage":"fr-FR"},{"@type":"Organization","@id":"https:\/\/chooseenglish.fr\/#organization","name":"Choose English, Cours d'anglais \u00e0 Lille et par visio avec Caroline Eddy","url":"https:\/\/chooseenglish.fr\/","logo":{"@type":"ImageObject","inLanguage":"fr-FR","@id":"https:\/\/chooseenglish.fr\/#\/schema\/logo\/image\/","url":"https:\/\/chooseenglish.fr\/wp-content\/uploads\/2023\/09\/Plan-de-travail-1.png","contentUrl":"https:\/\/chooseenglish.fr\/wp-content\/uploads\/2023\/09\/Plan-de-travail-1.png","width":720,"height":401,"caption":"Choose English, Cours d'anglais \u00e0 Lille et par visio avec Caroline Eddy"},"image":{"@id":"https:\/\/chooseenglish.fr\/#\/schema\/logo\/image\/"},"sameAs":["https:\/\/www.instagram.com\/chooseenglish_ei\/","https:\/\/www.linkedin.com\/in\/caroline-eddy-chooseenglish"]}]}},"_links":{"self":[{"href":"https:\/\/chooseenglish.fr\/index.php\/wp-json\/wp\/v2\/pages\/131","targetHints":{"allow":["GET"]}}],"collection":[{"href":"https:\/\/chooseenglish.fr\/index.php\/wp-json\/wp\/v2\/pages"}],"about":[{"href":"https:\/\/chooseenglish.fr\/index.php\/wp-json\/wp\/v2\/types\/page"}],"author":[{"embeddable":true,"href":"https:\/\/chooseenglish.fr\/index.php\/wp-json\/wp\/v2\/users\/1"}],"replies":[{"embeddable":true,"href":"https:\/\/chooseenglish.fr\/index.php\/wp-json\/wp\/v2\/comments?post=131"}],"version-history":[{"count":17,"href":"https:\/\/chooseenglish.fr\/index.php\/wp-json\/wp\/v2\/pages\/131\/revisions"}],"predecessor-version":[{"id":647,"href":"https:\/\/chooseenglish.fr\/index.php\/wp-json\/wp\/v2\/pages\/131\/revisions\/647"}],"wp:attachment":[{"href":"https:\/\/chooseenglish.fr\/index.php\/wp-json\/wp\/v2\/media?parent=131"}],"curies":[{"name":"wp","href":"https:\/\/api.w.org\/{rel}","templated":true}]}}